{"id":3733,"date":"2025-07-29T15:58:27","date_gmt":"2025-07-29T13:58:34","guid":{"rendered":"http:\/\/bruxelles.aideetsoinsadomicile.be\/?page_id=3733"},"modified":"2025-11-27T14:33:32","modified_gmt":"2025-11-27T13:33:32","slug":"unsolicited-applications","status":"publish","type":"page","link":"https:\/\/bruxelles.aideetsoinsadomicile.be\/en\/travailler-a-lasd\/candidatures-spontanees\/","title":{"rendered":"Unsolicited applications"},"content":{"rendered":"\t\t<div data-elementor-type=\"wp-page\" data-elementor-id=\"3733\" class=\"elementor elementor-3733\" data-elementor-post-type=\"page\">\n\t\t\t\t<div class=\"elementor-element elementor-element-c0eef76 e-flex e-con-boxed e-con e-parent\" data-id=\"c0eef76\" data-element_type=\"container\" data-e-type=\"container\">\n\t\t\t\t\t<div class=\"e-con-inner\">\n\t\t<div data-dce-background-color=\"#FFFFFFBD\" class=\"elementor-element elementor-element-148c002 e-con-full background-blur e-flex elementor-invisible e-con e-child\" data-id=\"148c002\" data-element_type=\"container\" data-e-type=\"container\" data-settings=\"{&quot;background_background&quot;:&quot;gradient&quot;,&quot;animation&quot;:&quot;fadeInUp&quot;,&quot;animation_delay&quot;:200}\">\n\t\t\t\t<div class=\"elementor-element elementor-element-5ce96be elementor-widget elementor-widget-wpforms\" data-id=\"5ce96be\" data-element_type=\"widget\" data-e-type=\"widget\" data-widget_type=\"wpforms.default\">\n\t\t\t\t<div class=\"elementor-widget-container\">\n\t\t\t\t\t\n<style id=\"wpforms-css-vars-elementor-widget-5ce96be\">\n\t\t\t\t.elementor-widget-wpforms.elementor-element-5ce96be {\n\t\t\t\t--wpforms-field-border-radius: 25px;\n--wpforms-field-background-color: #FFFFFF;\n--wpforms-field-border-color: #DCE6E8;\n--wpforms-field-border-color-spare: #DCE6E8;\n--wpforms-field-text-color: #006173;\n--wpforms-label-color: #006173;\n--wpforms-button-border-radius: 50px;\n--wpforms-button-background-color: #006173;\n--wpforms-button-size-font-size: 20px;\n--wpforms-button-size-height: 48px;\n--wpforms-button-size-padding-h: 20px;\n--wpforms-button-size-margin-top: 15px;\n\t\t\t}\n\t\t\t<\/style>\n<div class=\"wpforms-container wpforms-container-full wpforms-container-save-resume wpforms-render-modern\" id=\"wpforms-4942\"><form id=\"wpforms-form-4942\" class=\"wpforms-validate wpforms-form wpforms-ajax-form\" data-formid=\"4942\" method=\"post\" enctype=\"multipart\/form-data\" action=\"\/en\/wp-json\/wp\/v2\/pages\/3733?wpforms_form_id=4942\" data-token=\"d4c94a821954815fbc71fdd253344159\" data-token-time=\"1777412788\"><noscript class=\"wpforms-error-noscript\">Please enable JavaScript in your browser to complete this form.<\/noscript><div id=\"wpforms-error-noscript\" style=\"display: none;\">Please enable JavaScript in your browser to complete this form.<\/div><div class=\"wpforms-field-container\"><div id=\"wpforms-4942-field_1-container\" class=\"wpforms-field wpforms-field-name\" data-field-id=\"1\"><label class=\"wpforms-field-label\" for=\"wpforms-4942-field_1\">NOM <span class=\"wpforms-required-label\" aria-hidden=\"true\">*<\/span><\/label><input type=\"text\" id=\"wpforms-4942-field_1\" class=\"wpforms-field-large wpforms-field-required\" name=\"wpforms[fields][1]\" aria-errormessage=\"wpforms-4942-field_1-error\" required><\/div><div id=\"wpforms-4942-field_14-container\" class=\"wpforms-field wpforms-field-name\" data-field-id=\"14\"><label class=\"wpforms-field-label\" for=\"wpforms-4942-field_14\">Pr\u00e9nom(s) <span class=\"wpforms-required-label\" aria-hidden=\"true\">*<\/span><\/label><input type=\"text\" id=\"wpforms-4942-field_14\" class=\"wpforms-field-large wpforms-field-required\" name=\"wpforms[fields][14]\" aria-errormessage=\"wpforms-4942-field_14-error\" required><\/div><div id=\"wpforms-4942-field_2-container\" class=\"wpforms-field wpforms-field-email\" data-field-id=\"2\"><label class=\"wpforms-field-label\" for=\"wpforms-4942-field_2\">Adresse electronique <span class=\"wpforms-required-label\" aria-hidden=\"true\">*<\/span><\/label><input type=\"email\" id=\"wpforms-4942-field_2\" class=\"wpforms-field-large wpforms-field-required\" name=\"wpforms[fields][2]\" spellcheck=\"false\" aria-errormessage=\"wpforms-4942-field_2-error\" required><\/div><div id=\"wpforms-4942-field_3-container\" class=\"wpforms-field wpforms-field-phone\" data-field-id=\"3\"><label class=\"wpforms-field-label\" for=\"wpforms-4942-field_3\">Num\u00e9ro de t\u00e9l\u00e9phone <span class=\"wpforms-required-label\" aria-hidden=\"true\">*<\/span><\/label><input type=\"tel\" id=\"wpforms-4942-field_3\" class=\"wpforms-field-large wpforms-field-required wpforms-smart-phone-field\" data-rule-smart-phone-field=\"true\" name=\"wpforms[fields][3]\" aria-label=\"Num\u00e9ro de t\u00e9l\u00e9phone\" aria-errormessage=\"wpforms-4942-field_3-error\" required><\/div><div id=\"wpforms-4942-field_4-container\" class=\"wpforms-field wpforms-field-select wpforms-field-select-style-classic\" data-field-id=\"4\"><label class=\"wpforms-field-label\" for=\"wpforms-4942-field_4\">Niveau d&#039;\u00e9tudes <span class=\"wpforms-required-label\" aria-hidden=\"true\">*<\/span><\/label><select id=\"wpforms-4942-field_4\" class=\"wpforms-field-large wpforms-field-required\" name=\"wpforms[fields][4]\" required=\"required\"><option value=\"Brevet\"  class=\"choice-6 depth-1\"  >Brevet<\/option><option value=\"Baccalaur\u00e9at\"  class=\"choice-7 depth-1\"  >Baccalaur\u00e9at<\/option><option value=\"Certificat de qualification\"  class=\"choice-8 depth-1\"  >Certificat de qualification<\/option><option value=\"Master\"  class=\"choice-9 depth-1\"  >Master<\/option><option value=\"CESS\"  class=\"choice-10 depth-1\"  >CESS<\/option><option value=\"CE1D\"  class=\"choice-11 depth-1\"  >CE1D<\/option><option value=\"CE2D\"  class=\"choice-12 depth-1\"  >CE2D<\/option><option value=\"CEB\"  class=\"choice-13 depth-1\"  >CEB<\/option><\/select><\/div><div id=\"wpforms-4942-field_11-container\" class=\"wpforms-field wpforms-field-select wpforms-field-select-style-modern\" data-field-id=\"11\"><label class=\"wpforms-field-label\" for=\"wpforms-4942-field_11\">Service<\/label><select id=\"wpforms-4942-field_11\" class=\"wpforms-field-large choicesjs-select\" data-size-class=\"wpforms-field-row wpforms-field-large\" data-search-enabled=\"\" name=\"wpforms[fields][11]\"><option value=\"\" class=\"placeholder\" disabled  selected='selected'>--- S\u00e9lectionner un choix ---<\/option><option value=\"Aide familiale\"  class=\"choice-1 depth-1\"  >Aide familiale<\/option><option value=\"Aide \u00e0 l&#039;entretien m\u00e9nager\"  class=\"choice-2 depth-1\"  >Aide \u00e0 l'entretien m\u00e9nager<\/option><option value=\"Aide m\u00e9nag\u00e8re sociale\"  class=\"choice-3 depth-1\"  >Aide m\u00e9nag\u00e8re sociale<\/option><option value=\"Coordination des aides et soins\"  class=\"choice-4 depth-1\"  >Coordination des aides et soins<\/option><option value=\"Soins infirmiers\"  class=\"choice-5 depth-1\"  >Soins infirmiers<\/option><option value=\"Support administratif &amp; financier\"  class=\"choice-6 depth-1\"  >Support administratif &amp; financier<\/option><option value=\"Communication\"  class=\"choice-7 depth-1\"  >Communication<\/option><\/select><\/div><div id=\"wpforms-4942-field_5-container\" class=\"wpforms-field wpforms-field-radio\" data-field-id=\"5\"><fieldset><legend class=\"wpforms-field-label\">Poss\u00e9dez-vous le permis de conduire&nbsp;? <span class=\"wpforms-required-label\" aria-hidden=\"true\">*<\/span><\/legend><ul id=\"wpforms-4942-field_5\" class=\"wpforms-field-required\"><li class=\"choice-1 depth-1\"><input type=\"radio\" id=\"wpforms-4942-field_5_1\" name=\"wpforms[fields][5]\" value=\"Oui\" aria-errormessage=\"wpforms-4942-field_5_1-error\" required ><label class=\"wpforms-field-label-inline\" for=\"wpforms-4942-field_5_1\">Oui<\/label><\/li><li class=\"choice-2 depth-1\"><input type=\"radio\" id=\"wpforms-4942-field_5_2\" name=\"wpforms[fields][5]\" value=\"Non\" aria-errormessage=\"wpforms-4942-field_5_2-error\" required ><label class=\"wpforms-field-label-inline\" for=\"wpforms-4942-field_5_2\">Non<\/label><\/li><\/ul><\/fieldset><\/div><div id=\"wpforms-4942-field_7-container\" class=\"wpforms-field wpforms-field-file-upload\" data-field-id=\"7\"><label class=\"wpforms-field-label\" for=\"wpforms-4942-field_7\">Votre CV <span class=\"wpforms-required-label\" aria-hidden=\"true\">*<\/span><\/label><div\n\t\tclass=\"wpforms-uploader wpforms-field-required\"\n\t\tdata-field-id=\"7\"\n\t\tdata-form-id=\"4942\"\n\t\tdata-input-name=\"wpforms_4942_7\"\n\t\tdata-extensions=\"doc,xls,ppt,pdf\"\n\t\tdata-max-size=\"307200000\"\n\t\tdata-max-file-number=\"1\"\n\t\tdata-post-max-size=\"307200000\"\n\t\tdata-max-parallel-uploads=\"4\"\n\t\tdata-parallel-uploads=\"true\"\n\t\tdata-file-chunk-size=\"2097152\">\n\t<div class=\"dz-message\">\n\t\t\n<svg  viewBox=\"0 0 640 640\" focusable=\"false\" data-icon=\"inbox\" width=\"50px\" height=\"50px\" fill=\"currentColor\" aria-hidden=\"true\">\n\t\t\t<path d=\"M352 173.3L352 384C352 401.7 337.7 416 320 416C302.3 416 288 401.7 288 384L288 173.3L246.6 214.7C234.1 227.2 213.8 227.2 201.3 214.7C188.8 202.2 188.8 181.9 201.3 169.4L297.3 73.4C309.8 60.9 330.1 60.9 342.6 73.4L438.6 169.4C451.1 181.9 451.1 202.2 438.6 214.7C426.1 227.2 405.8 227.2 393.3 214.7L352 173.3zM320 464C364.2 464 400 428.2 400 384L480 384C515.3 384 544 412.7 544 448L544 480C544 515.3 515.3 544 480 544L160 544C124.7 544 96 515.3 96 480L96 448C96 412.7 124.7 384 160 384L240 384C240 428.2 275.8 464 320 464zM464 488C477.3 488 488 477.3 488 464C488 450.7 477.3 440 464 440C450.7 440 440 450.7 440 464C440 477.3 450.7 488 464 488z\"\/>\n\t\t<\/svg>\n\n\t\t<span class=\"modern-title\">\n\t\t\t\t\t\t\tDrag &amp; Drop Files, \t\t\t\t<span>Choose Files to Upload<\/span>\n\t\t\t\t\t<\/span>\n\n\t\t\t<\/div>\n<\/div>\n\n<input\n\t\ttype=\"text\"\n\t\tautocomplete=\"off\"\n\t\treadonly\n\t\tclass=\"dropzone-input\"\n\t\tstyle=\"position:absolute!important;clip:rect(0,0,0,0)!important;height:1px!important;width:1px!important;border:0!important;overflow:hidden!important;padding:0!important;margin:0!important;\"\n\t\tid=\"wpforms-4942-field_7\"\n\t\tname=\"wpforms_4942_7\" required\t\tvalue=\"\">\n<\/div><div id=\"wpforms-4942-field_8-container\" class=\"wpforms-field wpforms-field-file-upload\" data-field-id=\"8\"><label class=\"wpforms-field-label\" for=\"wpforms-4942-field_8\">Votre lettre de motivation <span class=\"wpforms-required-label\" aria-hidden=\"true\">*<\/span><\/label><div\n\t\tclass=\"wpforms-uploader wpforms-field-required\"\n\t\tdata-field-id=\"8\"\n\t\tdata-form-id=\"4942\"\n\t\tdata-input-name=\"wpforms_4942_8\"\n\t\tdata-extensions=\"jpg,jpeg,jpe,gif,png,bmp,tiff,tif,webp,avif,ico,heic,heics,heif,heifs,asf,asx,wmv,wmx,wm,wma,avi,divx,mov,qt,mpeg,mpg,mpe,mp4,m4v,ogv,webm,mkv,3gp,3gpp,3g2,3gp2,txt,asc,c,cc,h,srt,csv,ics,css,aac,flac,class,xcf,doc,docx,docm,onetoc,onetoc2,onepkg,odc,tsv,rtx,vtt,mp3,m4a,m4b,ra,ram,rar,wav,x-wav,ogg,oga,mid,midi,wax,mka,rtf,pdf,tar,zip,gz,gzip,7z,psd,pot,pps,ppt,potx,potm,ppsx,ppsm,pptx,pptm,wri,xla,xls,xlt,xlw,xlam,xlsx,xlsm,xlsb,xltx,xltm,mpp,dotx,dotm,ppam,sldx,sldm,oxps,xps,odt,odp,ods,odg,odb,odf,wp,wpd,key,numbers,pages,json,map\"\n\t\tdata-max-size=\"307200000\"\n\t\tdata-max-file-number=\"1\"\n\t\tdata-post-max-size=\"307200000\"\n\t\tdata-max-parallel-uploads=\"4\"\n\t\tdata-parallel-uploads=\"true\"\n\t\tdata-file-chunk-size=\"2097152\">\n\t<div class=\"dz-message\">\n\t\t\n<svg  viewBox=\"0 0 640 640\" focusable=\"false\" data-icon=\"inbox\" width=\"50px\" height=\"50px\" fill=\"currentColor\" aria-hidden=\"true\">\n\t\t\t<path d=\"M352 173.3L352 384C352 401.7 337.7 416 320 416C302.3 416 288 401.7 288 384L288 173.3L246.6 214.7C234.1 227.2 213.8 227.2 201.3 214.7C188.8 202.2 188.8 181.9 201.3 169.4L297.3 73.4C309.8 60.9 330.1 60.9 342.6 73.4L438.6 169.4C451.1 181.9 451.1 202.2 438.6 214.7C426.1 227.2 405.8 227.2 393.3 214.7L352 173.3zM320 464C364.2 464 400 428.2 400 384L480 384C515.3 384 544 412.7 544 448L544 480C544 515.3 515.3 544 480 544L160 544C124.7 544 96 515.3 96 480L96 448C96 412.7 124.7 384 160 384L240 384C240 428.2 275.8 464 320 464zM464 488C477.3 488 488 477.3 488 464C488 450.7 477.3 440 464 440C450.7 440 440 450.7 440 464C440 477.3 450.7 488 464 488z\"\/>\n\t\t<\/svg>\n\n\t\t<span class=\"modern-title\">\n\t\t\t\t\t\t\tDrag &amp; Drop Files, \t\t\t\t<span>Choose Files to Upload<\/span>\n\t\t\t\t\t<\/span>\n\n\t\t\t<\/div>\n<\/div>\n\n<input\n\t\ttype=\"text\"\n\t\tautocomplete=\"off\"\n\t\treadonly\n\t\tclass=\"dropzone-input\"\n\t\tstyle=\"position:absolute!important;clip:rect(0,0,0,0)!important;height:1px!important;width:1px!important;border:0!important;overflow:hidden!important;padding:0!important;margin:0!important;\"\n\t\tid=\"wpforms-4942-field_8\"\n\t\tname=\"wpforms_4942_8\" required\t\tvalue=\"\">\n<\/div><div id=\"wpforms-4942-field_13-container\" class=\"wpforms-field wpforms-field-url\" data-field-id=\"13\"><label class=\"wpforms-field-label\" for=\"wpforms-4942-field_13\">Lien de votre vid\u00e9o de pr\u00e9sentation<\/label><input type=\"url\" id=\"wpforms-4942-field_13\" class=\"wpforms-field-large\" name=\"wpforms[fields][13]\" aria-errormessage=\"wpforms-4942-field_13-error\" ><\/div>\t\t<div id=\"wpforms-4942-field_6-container\"\n\t\t\tclass=\"wpforms-field wpforms-field-text\"\n\t\t\tdata-field-type=\"text\"\n\t\t\tdata-field-id=\"6\"\n\t\t\t>\n\t\t\t<label class=\"wpforms-field-label\" for=\"wpforms-4942-field_6\" >Cases le Pr\u00e9nom(s)<\/label>\n\t\t\t<input type=\"text\" id=\"wpforms-4942-field_6\" class=\"wpforms-field-medium\" name=\"wpforms[fields][6]\" >\n\t\t<\/div>\n\t\t<div id=\"wpforms-4942-field_10-container\" class=\"wpforms-field wpforms-field-checkbox\" data-field-id=\"10\"><fieldset><legend class=\"wpforms-field-label wpforms-label-hide\" aria-hidden=\"false\">Cases \u00e0 cocher <span class=\"wpforms-required-label\" aria-hidden=\"true\">*<\/span><\/legend><ul id=\"wpforms-4942-field_10\" class=\"wpforms-field-required\"><li class=\"choice-1 depth-1\"><input type=\"checkbox\" id=\"wpforms-4942-field_10_1\" name=\"wpforms[fields][10][]\" value=\"J&#039;accepte que mes donn\u00e9es personnelles soient trait\u00e9es conform\u00e9ment \u00e0 la Politique de confidentialit\u00e9\" aria-errormessage=\"wpforms-4942-field_10_1-error\" required ><label class=\"wpforms-field-label-inline\" for=\"wpforms-4942-field_10_1\">J'accepte que mes donn\u00e9es personnelles soient trait\u00e9es conform\u00e9ment \u00e0 la Politique de confidentialit\u00e9 <span class=\"wpforms-required-label\">*<\/span><\/label><\/li><\/ul><\/fieldset><\/div>\n<script>\n\t\t\t\t( function() {\n\t\t\t\t\tconst style = document.createElement( 'style' );\n\t\t\t\t\tstyle.appendChild( document.createTextNode( '#wpforms-4942-field_6-container { position: absolute !important; overflow: hidden !important; display: inline !important; height: 1px !important; width: 1px !important; z-index: -1000 !important; padding: 0 !important; } #wpforms-4942-field_6-container input { visibility: hidden; } #wpforms-conversational-form-page #wpforms-4942-field_6-container label { counter-increment: none; }' ) );\n\t\t\t\t\tdocument.head.appendChild( style );\n\t\t\t\t\tdocument.currentScript?.remove();\n\t\t\t\t} )();\n\t\t\t<\/script>\n<\/div>\n<!-- .wpforms-field-container -->\n<div class=\"wpforms-recaptcha-container wpforms-is-recaptcha wpforms-is-recaptcha-type-v3\" ><input type=\"hidden\" name=\"wpforms[recaptcha]\" value=\"\"><\/div><div class=\"wpforms-submit-container\" ><input type=\"hidden\" name=\"wpforms[id]\" value=\"4942\"><input type=\"hidden\" name=\"page_title\" value=\"\"><input type=\"hidden\" name=\"page_url\" value=\"https:\/\/bruxelles.aideetsoinsadomicile.be\/en\/wp-json\/wp\/v2\/pages\/3733\"><input type=\"hidden\" name=\"url_referer\" value=\"\"><button type=\"submit\" name=\"wpforms[submit]\" id=\"wpforms-submit-4942\" class=\"wpforms-submit\" data-alt-text=\"Envoi...\" data-submit-text=\"Envoyer ma candidature\" aria-live=\"assertive\" value=\"wpforms-submit\">Envoyer ma candidature<\/button><img decoding=\"async\" src=\"https:\/\/bruxelles.aideetsoinsadomicile.be\/wp-content\/plugins\/wpforms\/assets\/images\/submit-spin.svg\" class=\"wpforms-submit-spinner\" style=\"display: none;\" width=\"26\" height=\"26\" alt=\"Loading\"><\/div><\/form><\/div>  \n<!-- .wpforms-container -->\n\t\t\t\t<\/div>\n\t\t\t\t<\/div>\n\t\t\t\t<\/div>\n\t\t\t\t\t<\/div>\n\t\t\t\t<\/div>\n\t\t\t\t<\/div>","protected":false},"excerpt":{"rendered":"<p>Veuillez activer JavaScript dans votre navigateur pour remplir ce formulaire.Veuillez activer JavaScript dans votre navigateur pour remplir ce formulaire. Nom et Pr\u00e9nom * Pr\u00e9nomNom Adresse e-mail *Num\u00e9ro de t\u00e9l\u00e9phone * Niveau d&rsquo;\u00e9tudes * Brevet Baccalaur\u00e9at Certificat de qualification Master CESS CE1D CE2D Primaire Poss\u00e9dez-vous le permis de conduire&nbsp;? * Oui Non Avez-vous une voiture personnelle&nbsp;? [&hellip;]<\/p>","protected":false},"author":1,"featured_media":5692,"parent":2512,"menu_order":1,"comment_status":"closed","ping_status":"closed","template":"","meta":{"_acf_changed":false,"_seopress_robots_primary_cat":"","_seopress_titles_title":"","_seopress_titles_desc":"","_seopress_robots_index":"","footnotes":""},"class_list":["post-3733","page","type-page","status-publish","has-post-thumbnail","hentry"],"acf":[],"_links":{"self":[{"href":"https:\/\/bruxelles.aideetsoinsadomicile.be\/en\/wp-json\/wp\/v2\/pages\/3733","targetHints":{"allow":["GET"]}}],"collection":[{"href":"https:\/\/bruxelles.aideetsoinsadomicile.be\/en\/wp-json\/wp\/v2\/pages"}],"about":[{"href":"https:\/\/bruxelles.aideetsoinsadomicile.be\/en\/wp-json\/wp\/v2\/types\/page"}],"author":[{"embeddable":true,"href":"https:\/\/bruxelles.aideetsoinsadomicile.be\/en\/wp-json\/wp\/v2\/users\/1"}],"replies":[{"embeddable":true,"href":"https:\/\/bruxelles.aideetsoinsadomicile.be\/en\/wp-json\/wp\/v2\/comments?post=3733"}],"version-history":[{"count":25,"href":"https:\/\/bruxelles.aideetsoinsadomicile.be\/en\/wp-json\/wp\/v2\/pages\/3733\/revisions"}],"predecessor-version":[{"id":5730,"href":"https:\/\/bruxelles.aideetsoinsadomicile.be\/en\/wp-json\/wp\/v2\/pages\/3733\/revisions\/5730"}],"up":[{"embeddable":true,"href":"https:\/\/bruxelles.aideetsoinsadomicile.be\/en\/wp-json\/wp\/v2\/pages\/2512"}],"wp:featuredmedia":[{"embeddable":true,"href":"https:\/\/bruxelles.aideetsoinsadomicile.be\/en\/wp-json\/wp\/v2\/media\/5692"}],"wp:attachment":[{"href":"https:\/\/bruxelles.aideetsoinsadomicile.be\/en\/wp-json\/wp\/v2\/media?parent=3733"}],"curies":[{"name":"wp","href":"https:\/\/api.w.org\/{rel}","templated":true}]}}