{"id":2520,"date":"2025-07-16T14:34:27","date_gmt":"2025-07-16T12:34:00","guid":{"rendered":"http:\/\/bruxelles.aideetsoinsadomicile.be\/faq\/"},"modified":"2025-10-03T17:33:16","modified_gmt":"2025-10-03T15:33:16","slug":"faq","status":"publish","type":"page","link":"https:\/\/bruxelles.aideetsoinsadomicile.be\/de\/faq\/","title":{"rendered":"FAQ"},"content":{"rendered":"\t\t<div data-elementor-type=\"wp-page\" data-elementor-id=\"2520\" class=\"elementor elementor-2520\" data-elementor-post-type=\"page\">\n\t\t\t\t<div class=\"elementor-element elementor-element-46dc897 e-flex e-con-boxed e-con e-parent\" data-id=\"46dc897\" data-element_type=\"container\" data-e-type=\"container\">\n\t\t\t\t\t<div class=\"e-con-inner\">\n\t\t<div class=\"elementor-element elementor-element-d8fdee7 e-con-full e-flex e-con e-child\" data-id=\"d8fdee7\" data-element_type=\"container\" data-e-type=\"container\">\n\t\t<div class=\"elementor-element elementor-element-afabf3f e-con-full background-blur e-flex e-con e-child\" data-id=\"afabf3f\" data-element_type=\"container\" data-e-type=\"container\">\n\t\t\t\t<div class=\"elementor-element elementor-element-da9c1f0 elementor-widget elementor-widget-n-accordion\" data-id=\"da9c1f0\" data-element_type=\"widget\" data-e-type=\"widget\" data-settings=\"{&quot;default_state&quot;:&quot;expanded&quot;,&quot;max_items_expended&quot;:&quot;one&quot;,&quot;n_accordion_animation_duration&quot;:{&quot;unit&quot;:&quot;ms&quot;,&quot;size&quot;:400,&quot;sizes&quot;:[]}}\" data-widget_type=\"nested-accordion.default\">\n\t\t\t\t\t\t\t<div class=\"e-n-accordion\" aria-label=\"Accordion. Open links with Enter or Space, close with Escape, and navigate with Arrow Keys\">\n\t\t\t\t\t\t<details id=\"e-n-accordion-item-2290\" class=\"e-n-accordion-item\" open>\n\t\t\t\t<summary class=\"e-n-accordion-item-title\" data-accordion-index=\"1\" tabindex=\"0\" aria-expanded=\"true\" aria-controls=\"e-n-accordion-item-2290\" >\n\t\t\t\t\t<span class='e-n-accordion-item-title-header'><h3 class=\"e-n-accordion-item-title-text\"> Dois-je \u00eatre affili\u00e9 \u00e0 la Mutualit\u00e9 Chr\u00e9tienne pour b\u00e9n\u00e9ficier des services&nbsp;?   <\/h3><\/span>\n\t\t\t\t\t\t\t<span class='e-n-accordion-item-title-icon'>\n\t\t\t<span class='e-opened' >\n<svg aria-hidden=\"true\" class=\"e-font-icon-svg e-fas-minus\" viewBox=\"0 0 448 512\" xmlns=\"http:\/\/www.w3.org\/2000\/svg\"><path d=\"M416 208H32c-17.67 0-32 14.33-32 32v32c0 17.67 14.33 32 32 32h384c17.67 0 32-14.33 32-32v-32c0-17.67-14.33-32-32-32z\"><\/path><\/svg>\n<\/span>\n\t\t\t<span class='e-closed'>\n<svg aria-hidden=\"true\" class=\"e-font-icon-svg e-fas-plus\" viewBox=\"0 0 448 512\" xmlns=\"http:\/\/www.w3.org\/2000\/svg\"><path d=\"M416 208H272V64c0-17.67-14.33-32-32-32h-32c-17.67 0-32 14.33-32 32v144H32c-17.67 0-32 14.33-32 32v32c0 17.67 14.33 32 32 32h144v144c0 17.67 14.33 32 32 32h32c17.67 0 32-14.33 32-32V304h144c17.67 0 32-14.33 32-32v-32c0-17.67-14.33-32-32-32z\"><\/path><\/svg>\n<\/span>\n\t\t<\/span>\n\n\t\t\t\t\t\t<\/summary>\n\t\t\t\t<div role=\"region\" aria-labelledby=\"e-n-accordion-item-2290\" class=\"elementor-element elementor-element-5ffc79c e-con-full e-flex e-con e-child\" data-id=\"5ffc79c\" data-element_type=\"container\" data-e-type=\"container\">\n\t\t\t\t<div class=\"elementor-element elementor-element-7750947 elementor-widget elementor-widget-text-editor\" data-id=\"7750947\" data-element_type=\"widget\" data-e-type=\"widget\" data-widget_type=\"text-editor.default\">\n\t\t\t\t\t\t\t\t\t<p>Non, les ASD prennent en charge les b\u00e9n\u00e9ficiaires de toute mutuelle.<\/p>\t\t\t\t\t\t\t\t<\/div>\n\t\t\t\t<\/div>\n\t\t\t\t\t<\/details>\n\t\t\t\t\t\t<details id=\"e-n-accordion-item-2291\" class=\"e-n-accordion-item\" >\n\t\t\t\t<summary class=\"e-n-accordion-item-title\" data-accordion-index=\"2\" tabindex=\"-1\" aria-expanded=\"false\" aria-controls=\"e-n-accordion-item-2291\" >\n\t\t\t\t\t<span class='e-n-accordion-item-title-header'><h3 class=\"e-n-accordion-item-title-text\"> Les intervenants sont-ils toujours les m\u00eames&nbsp;? <\/h3><\/span>\n\t\t\t\t\t\t\t<span class='e-n-accordion-item-title-icon'>\n\t\t\t<span class='e-opened' >\n<svg aria-hidden=\"true\" class=\"e-font-icon-svg e-fas-minus\" viewBox=\"0 0 448 512\" xmlns=\"http:\/\/www.w3.org\/2000\/svg\"><path d=\"M416 208H32c-17.67 0-32 14.33-32 32v32c0 17.67 14.33 32 32 32h384c17.67 0 32-14.33 32-32v-32c0-17.67-14.33-32-32-32z\"><\/path><\/svg>\n<\/span>\n\t\t\t<span class='e-closed'>\n<svg aria-hidden=\"true\" class=\"e-font-icon-svg e-fas-plus\" viewBox=\"0 0 448 512\" xmlns=\"http:\/\/www.w3.org\/2000\/svg\"><path d=\"M416 208H272V64c0-17.67-14.33-32-32-32h-32c-17.67 0-32 14.33-32 32v144H32c-17.67 0-32 14.33-32 32v32c0 17.67 14.33 32 32 32h144v144c0 17.67 14.33 32 32 32h32c17.67 0 32-14.33 32-32V304h144c17.67 0 32-14.33 32-32v-32c0-17.67-14.33-32-32-32z\"><\/path><\/svg>\n<\/span>\n\t\t<\/span>\n\n\t\t\t\t\t\t<\/summary>\n\t\t\t\t<div role=\"region\" aria-labelledby=\"e-n-accordion-item-2291\" class=\"elementor-element elementor-element-be3f13a e-con-full e-flex e-con e-child\" data-id=\"be3f13a\" data-element_type=\"container\" data-e-type=\"container\">\n\t\t\t\t<div class=\"elementor-element elementor-element-9c16342 elementor-widget elementor-widget-text-editor\" data-id=\"9c16342\" data-element_type=\"widget\" data-e-type=\"widget\" data-widget_type=\"text-editor.default\">\n\t\t\t\t\t\t\t\t\t<p>Afin de garantir la continuit\u00e9 du service, tout en tenant compte des horaires, cong\u00e9s et \u00e9ventuelles absences de nos \u00e9quipes, plusieurs prestataires pourront se relayer au domicile. Nous veillons toutefois \u00e0 limiter leur nombre pour pr\u00e9server un accompagnement stable et de qualit\u00e9.<\/p>\t\t\t\t\t\t\t\t<\/div>\n\t\t\t\t<\/div>\n\t\t\t\t\t<\/details>\n\t\t\t\t\t\t<details id=\"e-n-accordion-item-2292\" class=\"e-n-accordion-item\" >\n\t\t\t\t<summary class=\"e-n-accordion-item-title\" data-accordion-index=\"3\" tabindex=\"-1\" aria-expanded=\"false\" aria-controls=\"e-n-accordion-item-2292\" >\n\t\t\t\t\t<span class='e-n-accordion-item-title-header'><h3 class=\"e-n-accordion-item-title-text\"> Quel est le prix de vos services&nbsp;? <\/h3><\/span>\n\t\t\t\t\t\t\t<span class='e-n-accordion-item-title-icon'>\n\t\t\t<span class='e-opened' >\n<svg aria-hidden=\"true\" class=\"e-font-icon-svg e-fas-minus\" viewBox=\"0 0 448 512\" xmlns=\"http:\/\/www.w3.org\/2000\/svg\"><path d=\"M416 208H32c-17.67 0-32 14.33-32 32v32c0 17.67 14.33 32 32 32h384c17.67 0 32-14.33 32-32v-32c0-17.67-14.33-32-32-32z\"><\/path><\/svg>\n<\/span>\n\t\t\t<span class='e-closed'>\n<svg aria-hidden=\"true\" class=\"e-font-icon-svg e-fas-plus\" viewBox=\"0 0 448 512\" xmlns=\"http:\/\/www.w3.org\/2000\/svg\"><path d=\"M416 208H272V64c0-17.67-14.33-32-32-32h-32c-17.67 0-32 14.33-32 32v144H32c-17.67 0-32 14.33-32 32v32c0 17.67 14.33 32 32 32h144v144c0 17.67 14.33 32 32 32h32c17.67 0 32-14.33 32-32V304h144c17.67 0 32-14.33 32-32v-32c0-17.67-14.33-32-32-32z\"><\/path><\/svg>\n<\/span>\n\t\t<\/span>\n\n\t\t\t\t\t\t<\/summary>\n\t\t\t\t<div role=\"region\" aria-labelledby=\"e-n-accordion-item-2292\" class=\"elementor-element elementor-element-b5fdc4a e-con-full e-flex e-con e-child\" data-id=\"b5fdc4a\" data-element_type=\"container\" data-e-type=\"container\">\n\t\t\t\t<div class=\"elementor-element elementor-element-00ce87a elementor-widget elementor-widget-text-editor\" data-id=\"00ce87a\" data-element_type=\"widget\" data-e-type=\"widget\" data-widget_type=\"text-editor.default\">\n\t\t\t\t\t\t\t\t\t<p>La tarification varie d\u2019un service \u00e0 l\u2019autre et d\u2019une ASD \u00e0 l\u2019autre. Veuillez contacter l\u2019ASD de votre r\u00e9gion pour recevoir les grilles tarifaires.<\/p>\t\t\t\t\t\t\t\t<\/div>\n\t\t\t\t<\/div>\n\t\t\t\t\t<\/details>\n\t\t\t\t\t\t<details id=\"e-n-accordion-item-2293\" class=\"e-n-accordion-item\" >\n\t\t\t\t<summary class=\"e-n-accordion-item-title\" data-accordion-index=\"4\" tabindex=\"-1\" aria-expanded=\"false\" aria-controls=\"e-n-accordion-item-2293\" >\n\t\t\t\t\t<span class='e-n-accordion-item-title-header'><h3 class=\"e-n-accordion-item-title-text\"> Pouvez-vous faire preuve de flexibilit\u00e9 sur les horaires et les fr\u00e9quences de passage&nbsp;? <\/h3><\/span>\n\t\t\t\t\t\t\t<span class='e-n-accordion-item-title-icon'>\n\t\t\t<span class='e-opened' >\n<svg aria-hidden=\"true\" class=\"e-font-icon-svg e-fas-minus\" viewBox=\"0 0 448 512\" xmlns=\"http:\/\/www.w3.org\/2000\/svg\"><path d=\"M416 208H32c-17.67 0-32 14.33-32 32v32c0 17.67 14.33 32 32 32h384c17.67 0 32-14.33 32-32v-32c0-17.67-14.33-32-32-32z\"><\/path><\/svg>\n<\/span>\n\t\t\t<span class='e-closed'>\n<svg aria-hidden=\"true\" class=\"e-font-icon-svg e-fas-plus\" viewBox=\"0 0 448 512\" xmlns=\"http:\/\/www.w3.org\/2000\/svg\"><path d=\"M416 208H272V64c0-17.67-14.33-32-32-32h-32c-17.67 0-32 14.33-32 32v144H32c-17.67 0-32 14.33-32 32v32c0 17.67 14.33 32 32 32h144v144c0 17.67 14.33 32 32 32h32c17.67 0 32-14.33 32-32V304h144c17.67 0 32-14.33 32-32v-32c0-17.67-14.33-32-32-32z\"><\/path><\/svg>\n<\/span>\n\t\t<\/span>\n\n\t\t\t\t\t\t<\/summary>\n\t\t\t\t<div role=\"region\" aria-labelledby=\"e-n-accordion-item-2293\" class=\"elementor-element elementor-element-b91f4bf e-con-full e-flex e-con e-child\" data-id=\"b91f4bf\" data-element_type=\"container\" data-e-type=\"container\">\n\t\t\t\t<div class=\"elementor-element elementor-element-2552bf0 elementor-widget elementor-widget-text-editor\" data-id=\"2552bf0\" data-element_type=\"widget\" data-e-type=\"widget\" data-widget_type=\"text-editor.default\">\n\t\t\t\t\t\t\t\t\t<p>Cela d\u00e9pend du service concern\u00e9. Par exemple&nbsp;:<\/p><p>Pour l\u2019Aide \u00e0 la vie journali\u00e8re, nous pouvons adapter la fr\u00e9quence et la dur\u00e9e des interventions en fonction de nos disponibilit\u00e9s et des besoins des b\u00e9n\u00e9ficiaires.<\/p><p>Pour les Soins infirmiers, les passages sont organis\u00e9s en fonction des priorit\u00e9s m\u00e9dicales et selon une tourn\u00e9e g\u00e9ographique.<\/p><p>Dans tous les cas, nous faisons de notre mieux pour r\u00e9pondre aux attentes tout en garantissant la qualit\u00e9 du service.<\/p>\t\t\t\t\t\t\t\t<\/div>\n\t\t\t\t<\/div>\n\t\t\t\t\t<\/details>\n\t\t\t\t\t\t<details id=\"e-n-accordion-item-2294\" class=\"e-n-accordion-item\" >\n\t\t\t\t<summary class=\"e-n-accordion-item-title\" data-accordion-index=\"5\" tabindex=\"-1\" aria-expanded=\"false\" aria-controls=\"e-n-accordion-item-2294\" >\n\t\t\t\t\t<span class='e-n-accordion-item-title-header'><h3 class=\"e-n-accordion-item-title-text\"> Pouvez-vous intervenir rapidement en cas d\u2019urgence&nbsp;?  <\/h3><\/span>\n\t\t\t\t\t\t\t<span class='e-n-accordion-item-title-icon'>\n\t\t\t<span class='e-opened' >\n<svg aria-hidden=\"true\" class=\"e-font-icon-svg e-fas-minus\" viewBox=\"0 0 448 512\" xmlns=\"http:\/\/www.w3.org\/2000\/svg\"><path d=\"M416 208H32c-17.67 0-32 14.33-32 32v32c0 17.67 14.33 32 32 32h384c17.67 0 32-14.33 32-32v-32c0-17.67-14.33-32-32-32z\"><\/path><\/svg>\n<\/span>\n\t\t\t<span class='e-closed'>\n<svg aria-hidden=\"true\" class=\"e-font-icon-svg e-fas-plus\" viewBox=\"0 0 448 512\" xmlns=\"http:\/\/www.w3.org\/2000\/svg\"><path d=\"M416 208H272V64c0-17.67-14.33-32-32-32h-32c-17.67 0-32 14.33-32 32v144H32c-17.67 0-32 14.33-32 32v32c0 17.67 14.33 32 32 32h144v144c0 17.67 14.33 32 32 32h32c17.67 0 32-14.33 32-32V304h144c17.67 0 32-14.33 32-32v-32c0-17.67-14.33-32-32-32z\"><\/path><\/svg>\n<\/span>\n\t\t<\/span>\n\n\t\t\t\t\t\t<\/summary>\n\t\t\t\t<div role=\"region\" aria-labelledby=\"e-n-accordion-item-2294\" class=\"elementor-element elementor-element-390b639 e-con-full e-flex e-con e-child\" data-id=\"390b639\" data-element_type=\"container\" data-e-type=\"container\">\n\t\t\t\t<div class=\"elementor-element elementor-element-fdba24c elementor-widget elementor-widget-text-editor\" data-id=\"fdba24c\" data-element_type=\"widget\" data-e-type=\"widget\" data-widget_type=\"text-editor.default\">\n\t\t\t\t\t\t\t\t\t<p>Oui, nos \u00e9quipes peuvent intervenir en cas d\u2019urgence.<\/p>\t\t\t\t\t\t\t\t<\/div>\n\t\t\t\t<\/div>\n\t\t\t\t\t<\/details>\n\t\t\t\t\t\t<details id=\"e-n-accordion-item-2295\" class=\"e-n-accordion-item\" >\n\t\t\t\t<summary class=\"e-n-accordion-item-title\" data-accordion-index=\"6\" tabindex=\"-1\" aria-expanded=\"false\" aria-controls=\"e-n-accordion-item-2295\" >\n\t\t\t\t\t<span class='e-n-accordion-item-title-header'><h3 class=\"e-n-accordion-item-title-text\"> Etes-vous disponible tout le temps\u202f?   <\/h3><\/span>\n\t\t\t\t\t\t\t<span class='e-n-accordion-item-title-icon'>\n\t\t\t<span class='e-opened' >\n<svg aria-hidden=\"true\" class=\"e-font-icon-svg e-fas-minus\" viewBox=\"0 0 448 512\" xmlns=\"http:\/\/www.w3.org\/2000\/svg\"><path d=\"M416 208H32c-17.67 0-32 14.33-32 32v32c0 17.67 14.33 32 32 32h384c17.67 0 32-14.33 32-32v-32c0-17.67-14.33-32-32-32z\"><\/path><\/svg>\n<\/span>\n\t\t\t<span class='e-closed'>\n<svg aria-hidden=\"true\" class=\"e-font-icon-svg e-fas-plus\" viewBox=\"0 0 448 512\" xmlns=\"http:\/\/www.w3.org\/2000\/svg\"><path d=\"M416 208H272V64c0-17.67-14.33-32-32-32h-32c-17.67 0-32 14.33-32 32v144H32c-17.67 0-32 14.33-32 32v32c0 17.67 14.33 32 32 32h144v144c0 17.67 14.33 32 32 32h32c17.67 0 32-14.33 32-32V304h144c17.67 0 32-14.33 32-32v-32c0-17.67-14.33-32-32-32z\"><\/path><\/svg>\n<\/span>\n\t\t<\/span>\n\n\t\t\t\t\t\t<\/summary>\n\t\t\t\t<div role=\"region\" aria-labelledby=\"e-n-accordion-item-2295\" class=\"elementor-element elementor-element-b84d441 e-con-full e-flex e-con e-child\" data-id=\"b84d441\" data-element_type=\"container\" data-e-type=\"container\">\n\t\t\t\t<div class=\"elementor-element elementor-element-d7c10aa elementor-widget elementor-widget-text-editor\" data-id=\"d7c10aa\" data-element_type=\"widget\" data-e-type=\"widget\" data-widget_type=\"text-editor.default\">\n\t\t\t\t\t\t\t\t\t<p>En-dehors des horaires de bureau (8h30 \u00e0 16h) et en cas d\u2019urgence uniquement, un service de centrale t\u00e9l\u00e9phonique prend le relais pour la soir\u00e9e, nuit et weekends &#8211; des Infirmiers et Assistante social sont de garde<\/p>\t\t\t\t\t\t\t\t<\/div>\n\t\t\t\t<\/div>\n\t\t\t\t\t<\/details>\n\t\t\t\t\t<\/div>\n\t\t\t\t\t\n<script type=\"application\/ld+json\">{\"@context\":\"https:\\\/\\\/schema.org\",\"@type\":\"FAQPage\",\"mainEntity\":[{\"@type\":\"Question\",\"name\":\"Dois-je \\u00eatre affili\\u00e9 \\u00e0 la Mutualit\\u00e9 Chr\\u00e9tienne pour b\\u00e9n\\u00e9ficier des services ?\",\"acceptedAnswer\":{\"@type\":\"Answer\",\"text\":\"Non, les ASD prennent en charge les b\\u00e9n\\u00e9ficiaires de toute mutuelle.\"}},{\"@type\":\"Question\",\"name\":\"Les intervenants sont-ils toujours les m\\u00eames ?\",\"acceptedAnswer\":{\"@type\":\"Answer\",\"text\":\"Afin de garantir la continuit\\u00e9 du service, tout en tenant compte des horaires, cong\\u00e9s et \\u00e9ventuelles absences de nos \\u00e9quipes, plusieurs prestataires pourront se relayer au domicile. Nous veillons toutefois \\u00e0 limiter leur nombre pour pr\\u00e9server un accompagnement stable et de qualit\\u00e9.\"}},{\"@type\":\"Question\",\"name\":\"Quel est le prix de vos services ?\",\"acceptedAnswer\":{\"@type\":\"Answer\",\"text\":\"La tarification varie d\\u2019un service \\u00e0 l\\u2019autre et d\\u2019une ASD \\u00e0 l\\u2019autre. Veuillez contacter l\\u2019ASD de votre r\\u00e9gion pour recevoir les grilles tarifaires.\"}},{\"@type\":\"Question\",\"name\":\"Pouvez-vous faire preuve de flexibilit\\u00e9 sur les horaires et les fr\\u00e9quences de passage ?\",\"acceptedAnswer\":{\"@type\":\"Answer\",\"text\":\"Cela d\\u00e9pend du service concern\\u00e9. Par exemple&nbsp;:Pour l\\u2019Aide \\u00e0 la vie journali\\u00e8re, nous pouvons adapter la fr\\u00e9quence et la dur\\u00e9e des interventions en fonction de nos disponibilit\\u00e9s et des besoins des b\\u00e9n\\u00e9ficiaires.Pour les Soins infirmiers, les passages sont organis\\u00e9s en fonction des priorit\\u00e9s m\\u00e9dicales et selon une tourn\\u00e9e g\\u00e9ographique.Dans tous les cas, nous faisons de notre mieux pour r\\u00e9pondre aux attentes tout en garantissant la qualit\\u00e9 du service.\"}},{\"@type\":\"Question\",\"name\":\"Pouvez-vous intervenir rapidement en cas d\\u2019urgence ?\",\"acceptedAnswer\":{\"@type\":\"Answer\",\"text\":\"Oui, nos \\u00e9quipes peuvent intervenir en cas d\\u2019urgence.\"}},{\"@type\":\"Question\",\"name\":\"Etes-vous disponible tout le temps\\u202f?\",\"acceptedAnswer\":{\"@type\":\"Answer\",\"text\":\"En-dehors des horaires de bureau (8h30 \\u00e0 16h) et en cas d\\u2019urgence uniquement, un service de centrale t\\u00e9l\\u00e9phonique prend le relais pour la soir\\u00e9e, nuit et weekends &#8211; des Infirmiers et Assistante social sont de garde\"}}]}<\/script>\n\t\t\t\t\t\t\t<\/div>\n\t\t\t\t<\/div>\n\t\t\t\t<\/div>\n\t\t\t\t\t<\/div>\n\t\t\t\t<\/div>\n\t\t<div data-dce-background-color=\"#4DAFB012\" class=\"elementor-element elementor-element-b35120f background-blur e-flex e-con-boxed e-con e-parent\" data-id=\"b35120f\" data-element_type=\"container\" data-e-type=\"container\" data-settings=\"{&quot;background_background&quot;:&quot;gradient&quot;}\">\n\t\t\t\t\t<div class=\"e-con-inner\">\n\t\t<div class=\"elementor-element elementor-element-e5f1bc2 e-con-full e-grid e-con e-child\" data-id=\"e5f1bc2\" data-element_type=\"container\" data-e-type=\"container\">\n\t\t<div class=\"elementor-element elementor-element-a446b1e e-con-full e-flex e-con e-child\" data-id=\"a446b1e\" data-element_type=\"container\" data-e-type=\"container\">\n\t\t\t\t<div class=\"elementor-element elementor-element-01dec28 elementor-widget elementor-widget-heading\" data-id=\"01dec28\" data-element_type=\"widget\" data-e-type=\"widget\" data-widget_type=\"heading.default\">\n\t\t\t\t\t<h2 class=\"elementor-heading-title elementor-size-default\">Vous avez d\u2019autres questions&nbsp;? <\/h2>\t\t\t\t<\/div>\n\t\t\t\t<div class=\"elementor-element elementor-element-84343a4 elementor-widget elementor-widget-text-editor\" data-id=\"84343a4\" data-element_type=\"widget\" data-e-type=\"widget\" data-widget_type=\"text-editor.default\">\n\t\t\t\t\t\t\t\t\t<p>Contactez l\u2019ASD de votre r\u00e9gion. Nos \u00e9quipes sont \u00e0 votre \u00e9coute pour vous informer et vous orienter au mieux.<\/p>\t\t\t\t\t\t\t\t<\/div>\n\t\t\t\t<div class=\"elementor-element elementor-element-fc60ccf elementor-align-center elementor-invisible elementor-widget elementor-widget-button\" data-id=\"fc60ccf\" data-element_type=\"widget\" data-e-type=\"widget\" data-settings=\"{&quot;_animation&quot;:&quot;fadeInUp&quot;,&quot;_animation_delay&quot;:500}\" data-widget_type=\"button.default\">\n\t\t\t\t\t\t\t\t\t\t<a class=\"elementor-button elementor-button-link elementor-size-sm elementor-animation-grow\" href=\"https:\/\/bruxelles.aideetsoinsadomicile.be\/de\/contact\/\">\n\t\t\t\t\t\t<span class=\"elementor-button-content-wrapper\">\n\t\t\t\t\t\t<span class=\"elementor-button-icon\">\n\t\t\t\t\n<svg xmlns=\"http:\/\/www.w3.org\/2000\/svg\" height=\"24px\" viewBox=\"0 -960 960 960\" width=\"24px\" fill=\"currentColor\"><path d=\"m560.24-232.35-63.65-65.17L633.56-434.5H151.87v-91h481.69L496.59-662.48l63.65-65.17L808.13-480 560.24-232.35Z\"><\/path><\/svg>\n\t\t\t<\/span>\n\t\t\t\t\t\t\t\t\t<span class=\"elementor-button-text\">Nous contacter<\/span>\n\t\t\t\t\t<\/span>\n\t\t\t\t\t<\/a>\n\t\t\t\t\t\t\t\t<\/div>\n\t\t\t\t<\/div>\n\t\t\t\t<\/div>\n\t\t\t\t\t<\/div>\n\t\t\t\t<\/div>\n\t\t\t\t<\/div>","protected":false},"excerpt":{"rendered":"<p>Dois-je \u00eatre affili\u00e9 \u00e0 la Mutualit\u00e9 Chr\u00e9tienne pour b\u00e9n\u00e9ficier des services&nbsp;? Non, les ASD prennent en charge les b\u00e9n\u00e9ficiaires de toute mutuelle. Les intervenants sont-ils toujours les m\u00eames&nbsp;? Afin de garantir la continuit\u00e9 du service, tout en tenant compte des horaires, cong\u00e9s et \u00e9ventuelles absences de nos \u00e9quipes, plusieurs prestataires pourront se relayer au domicile. [&hellip;]<\/p>","protected":false},"author":1,"featured_media":0,"parent":0,"menu_order":8,"comment_status":"closed","ping_status":"closed","template":"","meta":{"_acf_changed":false,"_seopress_robots_primary_cat":"","_seopress_titles_title":"","_seopress_titles_desc":"","_seopress_robots_index":"","footnotes":""},"class_list":["post-2520","page","type-page","status-publish","hentry"],"acf":[],"_links":{"self":[{"href":"https:\/\/bruxelles.aideetsoinsadomicile.be\/de\/wp-json\/wp\/v2\/pages\/2520","targetHints":{"allow":["GET"]}}],"collection":[{"href":"https:\/\/bruxelles.aideetsoinsadomicile.be\/de\/wp-json\/wp\/v2\/pages"}],"about":[{"href":"https:\/\/bruxelles.aideetsoinsadomicile.be\/de\/wp-json\/wp\/v2\/types\/page"}],"author":[{"embeddable":true,"href":"https:\/\/bruxelles.aideetsoinsadomicile.be\/de\/wp-json\/wp\/v2\/users\/1"}],"replies":[{"embeddable":true,"href":"https:\/\/bruxelles.aideetsoinsadomicile.be\/de\/wp-json\/wp\/v2\/comments?post=2520"}],"version-history":[{"count":50,"href":"https:\/\/bruxelles.aideetsoinsadomicile.be\/de\/wp-json\/wp\/v2\/pages\/2520\/revisions"}],"predecessor-version":[{"id":4772,"href":"https:\/\/bruxelles.aideetsoinsadomicile.be\/de\/wp-json\/wp\/v2\/pages\/2520\/revisions\/4772"}],"wp:attachment":[{"href":"https:\/\/bruxelles.aideetsoinsadomicile.be\/de\/wp-json\/wp\/v2\/media?parent=2520"}],"curies":[{"name":"wp","href":"https:\/\/api.w.org\/{rel}","templated":true}]}}